{"id":1308,"date":"2025-10-13T09:59:13","date_gmt":"2025-10-13T07:59:13","guid":{"rendered":"https:\/\/rinairporthotel.ro\/dev\/metode-de-plata\/"},"modified":"2026-04-07T15:02:47","modified_gmt":"2026-04-07T13:02:47","slug":"payment-methods","status":"publish","type":"page","link":"https:\/\/rinairporthotel.ro\/en\/payment-methods\/","title":{"rendered":"Payment Methods"},"content":{"rendered":"<p>La RIN Hotels pute\u021bi alege modalitatea de plat\u0103 cea mai convenabil\u0103 pentru dumneavoastr\u0103.<\/p>\n<ul>\n<li><b>Plata Cash sau cu Cardul la recep\u021bia hotelului<\/b><\/li>\n<\/ul>\n<p>Plata \u00een numerar se poate face \u00een RON la recep\u021bia din cadrul hotelului.<\/p>\n<p>Plata se mai poate realiza prin intermediul cardului la POS-ul de la recep\u021bia hotelului, cardurile acceptate fiind VISA, MasterCard, Maestro sau American Express.<\/p>\n<ul>\n<li><b>Plata Online cu card bancar<\/b><\/li>\n<\/ul>\n<p>Pute\u021bi achita online rezervarea utiliz\u00e2nd cardul dumneavoastr\u0103. Cardurile acceptate pentru plat\u0103 online sunt Visa, MasterCard \u0219i Maestro. Pentru a finaliza plata cu cardul online \u00een cadrul portalului nostru de rezerv\u0103ri vi se va cere ca \u0219i cardul dumneavoastr\u0103 s\u0103 fie \u00eenrolat 3D Secure. 3D-Secure este un sistem antifraud\u0103 dezvoltat de Visa \u0219i MasterCard, care permite cre\u0219terea securit\u0103\u021bii tranzac\u021biilor online prin solicitarea unei parole la fiecare plat\u0103.<\/p>\n<ul>\n<li><b>Transfer bancar sau depunere numerar la banc\u0103<\/b><\/li>\n<\/ul>\n<p>Odat\u0103 emis\u0103 factura proform\u0103 aferent\u0103 rezerv\u0103rii dumneavoastr\u0103, pute\u021bi achita prin transfer bancar \u00een conturile specificate.<\/p>\n<ul>\n<\/ul>\n","protected":false},"excerpt":{"rendered":"<p>La RIN Hotels pute\u021bi alege modalitatea de plat\u0103 cea mai convenabil\u0103 pentru dumneavoastr\u0103. Plata Cash sau cu Cardul la recep\u021bia hotelului Plata \u00een numerar se poate face \u00een RON la recep\u021bia din cadrul hotelului. Plata se mai poate realiza prin intermediul cardului la POS-ul de la recep\u021bia hotelului, cardurile acceptate fiind VISA, MasterCard, Maestro sau &hellip; <\/p>\n<p class=\"link-more\"><a href=\"https:\/\/rinairporthotel.ro\/en\/payment-methods\/\" class=\"more-link\">Continue reading<span class=\"screen-reader-text\"> &#8220;Payment Methods&#8221;<\/span><\/a><\/p>\n","protected":false},"author":1,"featured_media":1307,"parent":0,"menu_order":0,"comment_status":"closed","ping_status":"closed","template":"template-custom.php","meta":{"_acf_changed":false,"footnotes":""},"class_list":["post-1308","page","type-page","status-publish","has-post-thumbnail","hentry"],"acf":[],"yoast_head":"<!-- This site is optimized with the Yoast SEO plugin v27.3 - https:\/\/yoast.com\/product\/yoast-seo-wordpress\/ -->\n<title>Payment Methods - RIN Airport Hotel 4* Bucharest - Otopeni<\/title>\n<meta name=\"description\" content=\"Discover accepted payment methods at RIN Airport Hotel 4* Otopeni. Flexible options for a hassle-free booking experience.\" \/>\n<meta name=\"robots\" content=\"index, follow, max-snippet:-1, max-image-preview:large, max-video-preview:-1\" \/>\n<link rel=\"canonical\" href=\"https:\/\/rinairporthotel.ro\/en\/payment-methods\/\" \/>\n<meta property=\"og:locale\" content=\"en_US\" \/>\n<meta property=\"og:type\" content=\"article\" \/>\n<meta property=\"og:title\" content=\"Payment Methods - RIN Airport Hotel 4* Bucharest - Otopeni\" \/>\n<meta property=\"og:description\" content=\"Discover accepted payment methods at RIN Airport Hotel 4* Otopeni. Flexible options for a hassle-free booking experience.\" \/>\n<meta property=\"og:url\" content=\"https:\/\/rinairporthotel.ro\/en\/payment-methods\/\" \/>\n<meta property=\"og:site_name\" content=\"RIN Airport Hotel 4* Bucure\u0219ti\" \/>\n<meta property=\"article:modified_time\" content=\"2026-04-07T13:02:47+00:00\" \/>\n<meta property=\"og:image\" content=\"https:\/\/rinairporthotel.ro\/wp-content\/uploads\/2025\/09\/Rin-Airport-Mai-2025-024-1.jpg\" \/>\n\t<meta property=\"og:image:width\" content=\"1920\" \/>\n\t<meta property=\"og:image:height\" content=\"1000\" \/>\n\t<meta property=\"og:image:type\" content=\"image\/jpeg\" \/>\n<meta name=\"twitter:card\" content=\"summary_large_image\" \/>\n<meta name=\"twitter:label1\" content=\"Est. reading time\" \/>\n\t<meta name=\"twitter:data1\" content=\"2 minutes\" \/>\n<script type=\"application\/ld+json\" class=\"yoast-schema-graph\">{\"@context\":\"https:\\\/\\\/schema.org\",\"@graph\":[{\"@type\":\"WebPage\",\"@id\":\"https:\\\/\\\/rinairporthotel.ro\\\/en\\\/payment-methods\\\/\",\"url\":\"https:\\\/\\\/rinairporthotel.ro\\\/en\\\/payment-methods\\\/\",\"name\":\"Payment Methods - RIN Airport Hotel 4* Bucharest - Otopeni\",\"isPartOf\":{\"@id\":\"https:\\\/\\\/rinairporthotel.ro\\\/en\\\/#website\"},\"primaryImageOfPage\":{\"@id\":\"https:\\\/\\\/rinairporthotel.ro\\\/en\\\/payment-methods\\\/#primaryimage\"},\"image\":{\"@id\":\"https:\\\/\\\/rinairporthotel.ro\\\/en\\\/payment-methods\\\/#primaryimage\"},\"thumbnailUrl\":\"https:\\\/\\\/rinairporthotel.ro\\\/wp-content\\\/uploads\\\/2025\\\/09\\\/Rin-Airport-Mai-2025-024-1.jpg\",\"datePublished\":\"2025-10-13T07:59:13+00:00\",\"dateModified\":\"2026-04-07T13:02:47+00:00\",\"description\":\"Discover accepted payment methods at RIN Airport Hotel 4* Otopeni. Flexible options for a hassle-free booking experience.\",\"breadcrumb\":{\"@id\":\"https:\\\/\\\/rinairporthotel.ro\\\/en\\\/payment-methods\\\/#breadcrumb\"},\"inLanguage\":\"en-US\",\"potentialAction\":[{\"@type\":\"ReadAction\",\"target\":[\"https:\\\/\\\/rinairporthotel.ro\\\/en\\\/payment-methods\\\/\"]}]},{\"@type\":\"ImageObject\",\"inLanguage\":\"en-US\",\"@id\":\"https:\\\/\\\/rinairporthotel.ro\\\/en\\\/payment-methods\\\/#primaryimage\",\"url\":\"https:\\\/\\\/rinairporthotel.ro\\\/wp-content\\\/uploads\\\/2025\\\/09\\\/Rin-Airport-Mai-2025-024-1.jpg\",\"contentUrl\":\"https:\\\/\\\/rinairporthotel.ro\\\/wp-content\\\/uploads\\\/2025\\\/09\\\/Rin-Airport-Mai-2025-024-1.jpg\",\"width\":1920,\"height\":1000},{\"@type\":\"BreadcrumbList\",\"@id\":\"https:\\\/\\\/rinairporthotel.ro\\\/en\\\/payment-methods\\\/#breadcrumb\",\"itemListElement\":[{\"@type\":\"ListItem\",\"position\":1,\"name\":\"Home\",\"item\":\"https:\\\/\\\/rinairporthotel.ro\\\/en\\\/\"},{\"@type\":\"ListItem\",\"position\":2,\"name\":\"Payment Methods\"}]},{\"@type\":\"WebSite\",\"@id\":\"https:\\\/\\\/rinairporthotel.ro\\\/en\\\/#website\",\"url\":\"https:\\\/\\\/rinairporthotel.ro\\\/en\\\/\",\"name\":\"RIN Airport Hotel 4* Bucure\u0219ti\",\"description\":\"\",\"publisher\":{\"@id\":\"https:\\\/\\\/rinairporthotel.ro\\\/en\\\/#organization\"},\"potentialAction\":[{\"@type\":\"SearchAction\",\"target\":{\"@type\":\"EntryPoint\",\"urlTemplate\":\"https:\\\/\\\/rinairporthotel.ro\\\/en\\\/?s={search_term_string}\"},\"query-input\":{\"@type\":\"PropertyValueSpecification\",\"valueRequired\":true,\"valueName\":\"search_term_string\"}}],\"inLanguage\":\"en-US\"},{\"@type\":\"Organization\",\"@id\":\"https:\\\/\\\/rinairporthotel.ro\\\/en\\\/#organization\",\"name\":\"RIN Airport Hotel 4* Bucure\u0219ti\",\"url\":\"https:\\\/\\\/rinairporthotel.ro\\\/en\\\/\",\"logo\":{\"@type\":\"ImageObject\",\"inLanguage\":\"en-US\",\"@id\":\"https:\\\/\\\/rinairporthotel.ro\\\/en\\\/#\\\/schema\\\/logo\\\/image\\\/\",\"url\":\"https:\\\/\\\/rinairporthotel.ro\\\/wp-content\\\/uploads\\\/2025\\\/09\\\/rin-hori-1.svg\",\"contentUrl\":\"https:\\\/\\\/rinairporthotel.ro\\\/wp-content\\\/uploads\\\/2025\\\/09\\\/rin-hori-1.svg\",\"caption\":\"RIN Airport Hotel 4* Bucure\u0219ti\"},\"image\":{\"@id\":\"https:\\\/\\\/rinairporthotel.ro\\\/en\\\/#\\\/schema\\\/logo\\\/image\\\/\"}}]}<\/script>\n<!-- \/ Yoast SEO plugin. -->","yoast_head_json":{"title":"Payment Methods - RIN Airport Hotel 4* Bucharest - Otopeni","description":"Discover accepted payment methods at RIN Airport Hotel 4* Otopeni. Flexible options for a hassle-free booking experience.","robots":{"index":"index","follow":"follow","max-snippet":"max-snippet:-1","max-image-preview":"max-image-preview:large","max-video-preview":"max-video-preview:-1"},"canonical":"https:\/\/rinairporthotel.ro\/en\/payment-methods\/","og_locale":"en_US","og_type":"article","og_title":"Payment Methods - RIN Airport Hotel 4* Bucharest - Otopeni","og_description":"Discover accepted payment methods at RIN Airport Hotel 4* Otopeni. Flexible options for a hassle-free booking experience.","og_url":"https:\/\/rinairporthotel.ro\/en\/payment-methods\/","og_site_name":"RIN Airport Hotel 4* Bucure\u0219ti","article_modified_time":"2026-04-07T13:02:47+00:00","og_image":[{"width":1920,"height":1000,"url":"https:\/\/rinairporthotel.ro\/wp-content\/uploads\/2025\/09\/Rin-Airport-Mai-2025-024-1.jpg","type":"image\/jpeg"}],"twitter_card":"summary_large_image","twitter_misc":{"Est. reading time":"2 minutes"},"schema":{"@context":"https:\/\/schema.org","@graph":[{"@type":"WebPage","@id":"https:\/\/rinairporthotel.ro\/en\/payment-methods\/","url":"https:\/\/rinairporthotel.ro\/en\/payment-methods\/","name":"Payment Methods - RIN Airport Hotel 4* Bucharest - Otopeni","isPartOf":{"@id":"https:\/\/rinairporthotel.ro\/en\/#website"},"primaryImageOfPage":{"@id":"https:\/\/rinairporthotel.ro\/en\/payment-methods\/#primaryimage"},"image":{"@id":"https:\/\/rinairporthotel.ro\/en\/payment-methods\/#primaryimage"},"thumbnailUrl":"https:\/\/rinairporthotel.ro\/wp-content\/uploads\/2025\/09\/Rin-Airport-Mai-2025-024-1.jpg","datePublished":"2025-10-13T07:59:13+00:00","dateModified":"2026-04-07T13:02:47+00:00","description":"Discover accepted payment methods at RIN Airport Hotel 4* Otopeni. Flexible options for a hassle-free booking experience.","breadcrumb":{"@id":"https:\/\/rinairporthotel.ro\/en\/payment-methods\/#breadcrumb"},"inLanguage":"en-US","potentialAction":[{"@type":"ReadAction","target":["https:\/\/rinairporthotel.ro\/en\/payment-methods\/"]}]},{"@type":"ImageObject","inLanguage":"en-US","@id":"https:\/\/rinairporthotel.ro\/en\/payment-methods\/#primaryimage","url":"https:\/\/rinairporthotel.ro\/wp-content\/uploads\/2025\/09\/Rin-Airport-Mai-2025-024-1.jpg","contentUrl":"https:\/\/rinairporthotel.ro\/wp-content\/uploads\/2025\/09\/Rin-Airport-Mai-2025-024-1.jpg","width":1920,"height":1000},{"@type":"BreadcrumbList","@id":"https:\/\/rinairporthotel.ro\/en\/payment-methods\/#breadcrumb","itemListElement":[{"@type":"ListItem","position":1,"name":"Home","item":"https:\/\/rinairporthotel.ro\/en\/"},{"@type":"ListItem","position":2,"name":"Payment Methods"}]},{"@type":"WebSite","@id":"https:\/\/rinairporthotel.ro\/en\/#website","url":"https:\/\/rinairporthotel.ro\/en\/","name":"RIN Airport Hotel 4* Bucure\u0219ti","description":"","publisher":{"@id":"https:\/\/rinairporthotel.ro\/en\/#organization"},"potentialAction":[{"@type":"SearchAction","target":{"@type":"EntryPoint","urlTemplate":"https:\/\/rinairporthotel.ro\/en\/?s={search_term_string}"},"query-input":{"@type":"PropertyValueSpecification","valueRequired":true,"valueName":"search_term_string"}}],"inLanguage":"en-US"},{"@type":"Organization","@id":"https:\/\/rinairporthotel.ro\/en\/#organization","name":"RIN Airport Hotel 4* Bucure\u0219ti","url":"https:\/\/rinairporthotel.ro\/en\/","logo":{"@type":"ImageObject","inLanguage":"en-US","@id":"https:\/\/rinairporthotel.ro\/en\/#\/schema\/logo\/image\/","url":"https:\/\/rinairporthotel.ro\/wp-content\/uploads\/2025\/09\/rin-hori-1.svg","contentUrl":"https:\/\/rinairporthotel.ro\/wp-content\/uploads\/2025\/09\/rin-hori-1.svg","caption":"RIN Airport Hotel 4* Bucure\u0219ti"},"image":{"@id":"https:\/\/rinairporthotel.ro\/en\/#\/schema\/logo\/image\/"}}]}},"publishpress_future_action":{"enabled":false,"date":"2026-04-26 06:27:59","action":"change-status","newStatus":"draft","terms":[],"taxonomy":"translation_priority","extraData":[]},"publishpress_future_workflow_manual_trigger":{"enabledWorkflows":[]},"_links":{"self":[{"href":"https:\/\/rinairporthotel.ro\/en\/wp-json\/wp\/v2\/pages\/1308","targetHints":{"allow":["GET"]}}],"collection":[{"href":"https:\/\/rinairporthotel.ro\/en\/wp-json\/wp\/v2\/pages"}],"about":[{"href":"https:\/\/rinairporthotel.ro\/en\/wp-json\/wp\/v2\/types\/page"}],"author":[{"embeddable":true,"href":"https:\/\/rinairporthotel.ro\/en\/wp-json\/wp\/v2\/users\/1"}],"replies":[{"embeddable":true,"href":"https:\/\/rinairporthotel.ro\/en\/wp-json\/wp\/v2\/comments?post=1308"}],"version-history":[{"count":1,"href":"https:\/\/rinairporthotel.ro\/en\/wp-json\/wp\/v2\/pages\/1308\/revisions"}],"predecessor-version":[{"id":2616,"href":"https:\/\/rinairporthotel.ro\/en\/wp-json\/wp\/v2\/pages\/1308\/revisions\/2616"}],"wp:featuredmedia":[{"embeddable":true,"href":"https:\/\/rinairporthotel.ro\/en\/wp-json\/wp\/v2\/media\/1307"}],"wp:attachment":[{"href":"https:\/\/rinairporthotel.ro\/en\/wp-json\/wp\/v2\/media?parent=1308"}],"curies":[{"name":"wp","href":"https:\/\/api.w.org\/{rel}","templated":true}]}}